{"id":132,"date":"2023-07-28T14:27:15","date_gmt":"2023-07-28T14:27:15","guid":{"rendered":"http:\/\/www.harmonia-therapie.ch\/wpress\/?page_id=132"},"modified":"2023-07-31T09:52:24","modified_gmt":"2023-07-31T09:52:24","slug":"reiki","status":"publish","type":"page","link":"https:\/\/www.harmonia-therapie.ch\/wpress\/reiki\/","title":{"rendered":"Reiki"},"content":{"rendered":"<div class=\"wp-block-image\">\n<figure class=\"aligncenter size-full\"><img loading=\"lazy\" decoding=\"async\" width=\"292\" height=\"35\" src=\"https:\/\/www.harmonia-therapie.ch\/wpress\/wp-content\/uploads\/2023\/07\/reiki_titre.gif\" alt=\"\" class=\"wp-image-46\"\/><\/figure><\/div>\n\n<h4>Le Reiki, science ancestrale red\u00e9couverte au Japon \u00e0 la fin du 19e si\u00e8cle par le Dr Mikao Usui, signifie \u00ab force universelle de vie \u00bb.<\/h4>\n<div>\n<div>\n<h4>L&rsquo;acc\u00e8s \u00e0 cette \u00e9nergie permet de l&rsquo;utiliser \u00e0 travers les mains, pour soi-m\u00eame ou d&rsquo;autres personnes, pour les animaux et les plantes.<\/h4>\n<h4>L&rsquo;\u00e9nergie du Reiki est \u00e9quilibrante, elle am\u00e8ne \u00e0 la d\u00e9tente physique et psychique et peut-\u00eatre utilis\u00e9e parall\u00e8lement \u00e0 toute autre forme de traitement. Le Reiki aide \u00e0 retrouver l&rsquo;harmonie du corps, de l&rsquo;\u00e2me et de l&rsquo;esprit et contribue ainsi \u00e0 l&rsquo;expansion de la conscience.<\/h4>\n<h4>Le Reiki n&rsquo;est ni croyance, ni religion, ni science m\u00e9dicale, c&rsquo;est un chemin de gu\u00e9rison et un outil de travail simple, une \u00e9nergie toujours disponible.<\/h4>\n<h2>\u00a0<\/h2>\n<\/div>\n<\/div>","protected":false},"excerpt":{"rendered":"<p>Le Reiki, science ancestrale red\u00e9couverte au Japon \u00e0 la fin du 19e si\u00e8cle par le Dr Mikao Usui, signifie \u00ab force universelle de vie \u00bb. L&rsquo;acc\u00e8s \u00e0 cette \u00e9nergie permet de l&rsquo;utiliser \u00e0 travers les mains, pour soi-m\u00eame ou d&rsquo;autres <a class=\"more-link\" href=\"https:\/\/www.harmonia-therapie.ch\/wpress\/reiki\/\">Continuer la lecture <span class=\"screen-reader-text\">  Reiki<\/span><span class=\"meta-nav\">&rarr;<\/span><\/a><\/p>\n","protected":false},"author":1,"featured_media":0,"parent":0,"menu_order":0,"comment_status":"closed","ping_status":"closed","template":"page-fullwidth.php","meta":{"footnotes":""},"class_list":["post-132","page","type-page","status-publish","hentry"],"_links":{"self":[{"href":"https:\/\/www.harmonia-therapie.ch\/wpress\/wp-json\/wp\/v2\/pages\/132","targetHints":{"allow":["GET"]}}],"collection":[{"href":"https:\/\/www.harmonia-therapie.ch\/wpress\/wp-json\/wp\/v2\/pages"}],"about":[{"href":"https:\/\/www.harmonia-therapie.ch\/wpress\/wp-json\/wp\/v2\/types\/page"}],"author":[{"embeddable":true,"href":"https:\/\/www.harmonia-therapie.ch\/wpress\/wp-json\/wp\/v2\/users\/1"}],"replies":[{"embeddable":true,"href":"https:\/\/www.harmonia-therapie.ch\/wpress\/wp-json\/wp\/v2\/comments?post=132"}],"version-history":[{"count":1,"href":"https:\/\/www.harmonia-therapie.ch\/wpress\/wp-json\/wp\/v2\/pages\/132\/revisions"}],"predecessor-version":[{"id":133,"href":"https:\/\/www.harmonia-therapie.ch\/wpress\/wp-json\/wp\/v2\/pages\/132\/revisions\/133"}],"wp:attachment":[{"href":"https:\/\/www.harmonia-therapie.ch\/wpress\/wp-json\/wp\/v2\/media?parent=132"}],"curies":[{"name":"wp","href":"https:\/\/api.w.org\/{rel}","templated":true}]}}