{"id":151,"date":"2023-07-29T10:30:39","date_gmt":"2023-07-29T10:30:39","guid":{"rendered":"http:\/\/www.harmonia-therapie.ch\/wpress\/?page_id=151"},"modified":"2023-08-02T08:19:45","modified_gmt":"2023-08-02T08:19:45","slug":"le-massage-holistique-deveil","status":"publish","type":"page","link":"https:\/\/www.harmonia-therapie.ch\/wpress\/le-massage-holistique-deveil\/","title":{"rendered":"Le massage holistique d&rsquo;\u00e9veil"},"content":{"rendered":"<div class=\"wp-block-image\">\n<figure class=\"aligncenter size-full\"><img loading=\"lazy\" decoding=\"async\" width=\"725\" height=\"100\" src=\"https:\/\/www.harmonia-therapie.ch\/wpress\/wp-content\/uploads\/2023\/07\/MASS_HOLISTIQUE_titre-1.gif\" alt=\"\" class=\"wp-image-94\"\/><\/figure><\/div>\n\n<h4>Le Massage Holistique d&rsquo;Eveil est une pratique unique qui int\u00e8gre \u00e0 la fois le massage traditionnel de d\u00e9tente et de bien-\u00eatre, le massage \u00e9nerg\u00e9tique, ainsi que la relation directe avec les quatre \u00e9l\u00e9ments \u2013 la terre, l&rsquo;eau, l&rsquo;air et le feu.<\/h4>\n<div>\n<div>&nbsp;<\/div>\n<h4>Ce massage travaille en profondeur sur les guatre plans: physique, \u00e9motionnel, mental et \u00e9nerg\u00e9tique. Il va conduire la personne mass\u00e9e \u00e0 ressentir, en plus d&rsquo;une profonde d\u00e9tente, une communion entre son corps et son esprit, une r\u00e9harmonisation de tout son \u00eatre avec l&rsquo;environnement<\/h4>\n<\/div>\n\n\n<figure class=\"wp-block-gallery has-nested-images columns-default is-cropped wp-block-gallery-1 is-layout-flex wp-block-gallery-is-layout-flex\">\n<figure class=\"wp-block-image size-full\"><img loading=\"lazy\" decoding=\"async\" width=\"150\" height=\"150\" data-id=\"225\" src=\"https:\/\/www.harmonia-therapie.ch\/wpress\/wp-content\/uploads\/2023\/07\/eau_img.jpg\" alt=\"\" class=\"wp-image-225\"\/><\/figure>\n\n\n\n<figure class=\"wp-block-image size-full\"><img loading=\"lazy\" decoding=\"async\" width=\"150\" height=\"150\" data-id=\"229\" src=\"https:\/\/www.harmonia-therapie.ch\/wpress\/wp-content\/uploads\/2023\/07\/feu_img.jpg\" alt=\"\" class=\"wp-image-229\"\/><\/figure>\n\n\n\n<figure class=\"wp-block-image size-full\"><img loading=\"lazy\" decoding=\"async\" width=\"150\" height=\"150\" data-id=\"277\" src=\"https:\/\/www.harmonia-therapie.ch\/wpress\/wp-content\/uploads\/2023\/08\/terre_img.jpg\" alt=\"\" class=\"wp-image-277\"\/><\/figure>\n\n\n\n<figure class=\"wp-block-image size-full\"><img loading=\"lazy\" decoding=\"async\" width=\"150\" height=\"150\" data-id=\"273\" src=\"https:\/\/www.harmonia-therapie.ch\/wpress\/wp-content\/uploads\/2023\/08\/air_img.jpg\" alt=\"\" class=\"wp-image-273\"\/><\/figure>\n<\/figure>\n","protected":false},"excerpt":{"rendered":"<p>Le Massage Holistique d&rsquo;Eveil est une pratique unique qui int\u00e8gre \u00e0 la fois le massage traditionnel de d\u00e9tente et de bien-\u00eatre, le massage \u00e9nerg\u00e9tique, ainsi que la relation directe avec les quatre \u00e9l\u00e9ments \u2013 la terre, l&rsquo;eau, l&rsquo;air et le <a class=\"more-link\" href=\"https:\/\/www.harmonia-therapie.ch\/wpress\/le-massage-holistique-deveil\/\">Continuer la lecture <span class=\"screen-reader-text\">  Le massage holistique d&rsquo;\u00e9veil<\/span><span class=\"meta-nav\">&rarr;<\/span><\/a><\/p>\n","protected":false},"author":1,"featured_media":0,"parent":0,"menu_order":0,"comment_status":"closed","ping_status":"closed","template":"page-fullwidth.php","meta":{"footnotes":""},"class_list":["post-151","page","type-page","status-publish","hentry"],"_links":{"self":[{"href":"https:\/\/www.harmonia-therapie.ch\/wpress\/wp-json\/wp\/v2\/pages\/151","targetHints":{"allow":["GET"]}}],"collection":[{"href":"https:\/\/www.harmonia-therapie.ch\/wpress\/wp-json\/wp\/v2\/pages"}],"about":[{"href":"https:\/\/www.harmonia-therapie.ch\/wpress\/wp-json\/wp\/v2\/types\/page"}],"author":[{"embeddable":true,"href":"https:\/\/www.harmonia-therapie.ch\/wpress\/wp-json\/wp\/v2\/users\/1"}],"replies":[{"embeddable":true,"href":"https:\/\/www.harmonia-therapie.ch\/wpress\/wp-json\/wp\/v2\/comments?post=151"}],"version-history":[{"count":5,"href":"https:\/\/www.harmonia-therapie.ch\/wpress\/wp-json\/wp\/v2\/pages\/151\/revisions"}],"predecessor-version":[{"id":279,"href":"https:\/\/www.harmonia-therapie.ch\/wpress\/wp-json\/wp\/v2\/pages\/151\/revisions\/279"}],"wp:attachment":[{"href":"https:\/\/www.harmonia-therapie.ch\/wpress\/wp-json\/wp\/v2\/media?parent=151"}],"curies":[{"name":"wp","href":"https:\/\/api.w.org\/{rel}","templated":true}]}}