{"id":171,"date":"2023-07-31T09:58:16","date_gmt":"2023-07-31T09:58:16","guid":{"rendered":"https:\/\/www.harmonia-therapie.ch\/wpress\/?page_id=171"},"modified":"2023-07-31T09:59:49","modified_gmt":"2023-07-31T09:59:49","slug":"le-massage-du-tissu-conjonctif","status":"publish","type":"page","link":"https:\/\/www.harmonia-therapie.ch\/wpress\/le-massage-du-tissu-conjonctif\/","title":{"rendered":"Le massage du tissu conjonctif"},"content":{"rendered":"<div class=\"wp-block-image\">\n<figure class=\"aligncenter size-full\"><img loading=\"lazy\" decoding=\"async\" width=\"701\" height=\"95\" src=\"https:\/\/www.harmonia-therapie.ch\/wpress\/wp-content\/uploads\/2023\/07\/CONJONCTIF_titre.gif\" alt=\"\" class=\"wp-image-13\"\/><\/figure><\/div>\n\n<h4>Il s&rsquo;agit d&rsquo;une technique utilisant des \u00e9tirements au niveau des fascias, bords musculaires et osseux. Une sensation de coupure est ressentie. Cette stimulation engendre le d\u00e9clenchement des neuro-reflexes.<\/h4>\n<h4>Le massage du tissu conjonctif n&rsquo;est pas une th\u00e9rapie symptologique locale mais une reflexoth\u00e9rapie qui agit toujours sur tout l\u2018organisme.<\/h4>\n<h4>Cette th\u00e9rapie est indiqu\u00e9e lors de troubles de la sensibilit\u00e9, de la digestion, de la menstruation, troubles art\u00e9riels et veineux, dans les cas d&rsquo;arthrose, laxit\u00e9 ligamentaire, \u00e9picondylite, lombalgies, traumatisme.<\/h4>","protected":false},"excerpt":{"rendered":"<p>Il s&rsquo;agit d&rsquo;une technique utilisant des \u00e9tirements au niveau des fascias, bords musculaires et osseux. Une sensation de coupure est ressentie. Cette stimulation engendre le d\u00e9clenchement des neuro-reflexes. Le massage du tissu conjonctif n&rsquo;est pas une th\u00e9rapie symptologique locale mais <a class=\"more-link\" href=\"https:\/\/www.harmonia-therapie.ch\/wpress\/le-massage-du-tissu-conjonctif\/\">Continuer la lecture <span class=\"screen-reader-text\">  Le massage du tissu conjonctif<\/span><span class=\"meta-nav\">&rarr;<\/span><\/a><\/p>\n","protected":false},"author":1,"featured_media":0,"parent":0,"menu_order":0,"comment_status":"closed","ping_status":"closed","template":"page-fullwidth.php","meta":{"footnotes":""},"class_list":["post-171","page","type-page","status-publish","hentry"],"_links":{"self":[{"href":"https:\/\/www.harmonia-therapie.ch\/wpress\/wp-json\/wp\/v2\/pages\/171","targetHints":{"allow":["GET"]}}],"collection":[{"href":"https:\/\/www.harmonia-therapie.ch\/wpress\/wp-json\/wp\/v2\/pages"}],"about":[{"href":"https:\/\/www.harmonia-therapie.ch\/wpress\/wp-json\/wp\/v2\/types\/page"}],"author":[{"embeddable":true,"href":"https:\/\/www.harmonia-therapie.ch\/wpress\/wp-json\/wp\/v2\/users\/1"}],"replies":[{"embeddable":true,"href":"https:\/\/www.harmonia-therapie.ch\/wpress\/wp-json\/wp\/v2\/comments?post=171"}],"version-history":[{"count":1,"href":"https:\/\/www.harmonia-therapie.ch\/wpress\/wp-json\/wp\/v2\/pages\/171\/revisions"}],"predecessor-version":[{"id":172,"href":"https:\/\/www.harmonia-therapie.ch\/wpress\/wp-json\/wp\/v2\/pages\/171\/revisions\/172"}],"wp:attachment":[{"href":"https:\/\/www.harmonia-therapie.ch\/wpress\/wp-json\/wp\/v2\/media?parent=171"}],"curies":[{"name":"wp","href":"https:\/\/api.w.org\/{rel}","templated":true}]}}