{"id":174,"date":"2023-07-31T10:08:13","date_gmt":"2023-07-31T10:08:13","guid":{"rendered":"https:\/\/www.harmonia-therapie.ch\/wpress\/?page_id=174"},"modified":"2023-07-31T10:09:25","modified_gmt":"2023-07-31T10:09:25","slug":"le-massage-au-miel","status":"publish","type":"page","link":"https:\/\/www.harmonia-therapie.ch\/wpress\/le-massage-au-miel\/","title":{"rendered":"Le massage au miel"},"content":{"rendered":"<div class=\"wp-block-image\">\n<figure class=\"aligncenter size-full\"><img loading=\"lazy\" decoding=\"async\" width=\"701\" height=\"95\" src=\"https:\/\/www.harmonia-therapie.ch\/wpress\/wp-content\/uploads\/2023\/07\/Massage_Miel_titre.gif\" alt=\"\" class=\"wp-image-175\"\/><\/figure><\/div>\n\n<h4>Le massage au miel est issu des traditions ancestrales. Les chamans et les ma\u00eetres de la m\u00e9decine tib\u00e9taine ont su utiliser ce merveilleux produit aux vertus exceptionnelles, \u00ab Le Miel \u00bb riche en acides amin\u00e9s et oligo-\u00e9l\u00e9ments. Cette technique est un plus, lors de maladies li\u00e9es \u00e0 l\u2019extraction des toxines : accoutumance, alimentation, m\u00e9dication r\u00e9guli\u00e8re et \u00e0 long terme. Dans les \u00e9tats d\u2019\u00e9puisement et de faiblesse g\u00e9n\u00e9ralis\u00e9e due au stress ou de convalescence, et sur les personnes en bonne sant\u00e9 par l\u2019action revigorante et purifiante.<\/h4>\n<p><\/p>\n<h4>Bienfaits du massage au miel :<\/h4>\n<h4>Bien qu\u2019il ait de nombreuses vertus, le massage au miel est pour le moment peu connu. La texture du miel est propice au gommage des cellules mortes qui s\u2019accumulent sur la surface de l\u2019\u00e9piderme. Etant un excellent produit nourrissant, le miel rend la peau plus douce et plus ferme. Les diff\u00e9rentes terminaisons nerveuses superficielles de la peau sont \u00e9galement sollicit\u00e9es lors d\u2019un massage au miel pour r\u00e9activer le flux circulatoire.<\/h4>\n<h4>&nbsp;<\/h4>\n<h4>Le miel agit \u00e9galement en profondeur en r\u00e9\u00e9quilibrant la distribution de la m\u00e9lanine. Le massage au miel optimise, par ailleurs, les \u00e9changes m\u00e9taboliques des cellules et le drainage des liquides et des graisses.<br>Les fonctions et effets des soins au miel sont multiples : exfoliant actif, drainage, r\u00e9activation du flux circulatoire, d\u00e9toxinant et purifiant.<\/h4>","protected":false},"excerpt":{"rendered":"<p>Le massage au miel est issu des traditions ancestrales. Les chamans et les ma\u00eetres de la m\u00e9decine tib\u00e9taine ont su utiliser ce merveilleux produit aux vertus exceptionnelles, \u00ab Le Miel \u00bb riche en acides amin\u00e9s et oligo-\u00e9l\u00e9ments. Cette technique est <a class=\"more-link\" href=\"https:\/\/www.harmonia-therapie.ch\/wpress\/le-massage-au-miel\/\">Continuer la lecture <span class=\"screen-reader-text\">  Le massage au miel<\/span><span class=\"meta-nav\">&rarr;<\/span><\/a><\/p>\n","protected":false},"author":1,"featured_media":0,"parent":0,"menu_order":0,"comment_status":"closed","ping_status":"closed","template":"page-fullwidth.php","meta":{"footnotes":""},"class_list":["post-174","page","type-page","status-publish","hentry"],"_links":{"self":[{"href":"https:\/\/www.harmonia-therapie.ch\/wpress\/wp-json\/wp\/v2\/pages\/174","targetHints":{"allow":["GET"]}}],"collection":[{"href":"https:\/\/www.harmonia-therapie.ch\/wpress\/wp-json\/wp\/v2\/pages"}],"about":[{"href":"https:\/\/www.harmonia-therapie.ch\/wpress\/wp-json\/wp\/v2\/types\/page"}],"author":[{"embeddable":true,"href":"https:\/\/www.harmonia-therapie.ch\/wpress\/wp-json\/wp\/v2\/users\/1"}],"replies":[{"embeddable":true,"href":"https:\/\/www.harmonia-therapie.ch\/wpress\/wp-json\/wp\/v2\/comments?post=174"}],"version-history":[{"count":2,"href":"https:\/\/www.harmonia-therapie.ch\/wpress\/wp-json\/wp\/v2\/pages\/174\/revisions"}],"predecessor-version":[{"id":179,"href":"https:\/\/www.harmonia-therapie.ch\/wpress\/wp-json\/wp\/v2\/pages\/174\/revisions\/179"}],"wp:attachment":[{"href":"https:\/\/www.harmonia-therapie.ch\/wpress\/wp-json\/wp\/v2\/media?parent=174"}],"curies":[{"name":"wp","href":"https:\/\/api.w.org\/{rel}","templated":true}]}}