{"id":184,"date":"2023-07-31T10:20:26","date_gmt":"2023-07-31T10:20:26","guid":{"rendered":"https:\/\/www.harmonia-therapie.ch\/wpress\/?page_id=184"},"modified":"2023-07-31T10:20:58","modified_gmt":"2023-07-31T10:20:58","slug":"la-geobiologie","status":"publish","type":"page","link":"https:\/\/www.harmonia-therapie.ch\/wpress\/la-geobiologie\/","title":{"rendered":"La geobiologie"},"content":{"rendered":"<div class=\"wp-block-image\">\n<figure class=\"aligncenter size-full\"><img loading=\"lazy\" decoding=\"async\" width=\"701\" height=\"95\" src=\"https:\/\/www.harmonia-therapie.ch\/wpress\/wp-content\/uploads\/2023\/07\/LA-GEOBIOLOGIE_titre.gif\" alt=\"\" class=\"wp-image-185\"\/><\/figure><\/div>\n\n<h4>\u00ab\u00a0Etude et influence de la terre, du lieu pr\u00e9cis sur tout ce qui vit\u00a0\u00bb<\/h4>\n<h4>La g\u00e9obiologie permet de d\u00e9tecter les zones pathog\u00e8nes (perturb\u00e9es) de notre domicile ou lieu de travail. Ainsi, un lit mal orient\u00e9 influe sur notre pression art\u00e9rielle et un cours d&rsquo;eau souterrain plac\u00e9 sur un noeud pathog\u00e8ne provoque fr\u00e9quemment des maladies rhumatismales, etc&#8230;<\/h4>\n<h4>Par diff\u00e9rentes techniques, ces zones pathog\u00e8nes peuvent \u00eatre r\u00e9harmonis\u00e9es pour nous permettre d&rsquo;am\u00e9liorer notre \u00e9tat de vie et notre sant\u00e9.<\/h4>","protected":false},"excerpt":{"rendered":"<p>\u00ab\u00a0Etude et influence de la terre, du lieu pr\u00e9cis sur tout ce qui vit\u00a0\u00bb La g\u00e9obiologie permet de d\u00e9tecter les zones pathog\u00e8nes (perturb\u00e9es) de notre domicile ou lieu de travail. Ainsi, un lit mal orient\u00e9 influe sur notre pression art\u00e9rielle <a class=\"more-link\" href=\"https:\/\/www.harmonia-therapie.ch\/wpress\/la-geobiologie\/\">Continuer la lecture <span class=\"screen-reader-text\">  La geobiologie<\/span><span class=\"meta-nav\">&rarr;<\/span><\/a><\/p>\n","protected":false},"author":1,"featured_media":0,"parent":0,"menu_order":0,"comment_status":"closed","ping_status":"closed","template":"page-fullwidth.php","meta":{"footnotes":""},"class_list":["post-184","page","type-page","status-publish","hentry"],"_links":{"self":[{"href":"https:\/\/www.harmonia-therapie.ch\/wpress\/wp-json\/wp\/v2\/pages\/184","targetHints":{"allow":["GET"]}}],"collection":[{"href":"https:\/\/www.harmonia-therapie.ch\/wpress\/wp-json\/wp\/v2\/pages"}],"about":[{"href":"https:\/\/www.harmonia-therapie.ch\/wpress\/wp-json\/wp\/v2\/types\/page"}],"author":[{"embeddable":true,"href":"https:\/\/www.harmonia-therapie.ch\/wpress\/wp-json\/wp\/v2\/users\/1"}],"replies":[{"embeddable":true,"href":"https:\/\/www.harmonia-therapie.ch\/wpress\/wp-json\/wp\/v2\/comments?post=184"}],"version-history":[{"count":1,"href":"https:\/\/www.harmonia-therapie.ch\/wpress\/wp-json\/wp\/v2\/pages\/184\/revisions"}],"predecessor-version":[{"id":187,"href":"https:\/\/www.harmonia-therapie.ch\/wpress\/wp-json\/wp\/v2\/pages\/184\/revisions\/187"}],"wp:attachment":[{"href":"https:\/\/www.harmonia-therapie.ch\/wpress\/wp-json\/wp\/v2\/media?parent=184"}],"curies":[{"name":"wp","href":"https:\/\/api.w.org\/{rel}","templated":true}]}}