{"id":68,"date":"2023-07-28T13:13:26","date_gmt":"2023-07-28T13:13:26","guid":{"rendered":"http:\/\/www.harmonia-therapie.ch\/wpress\/?page_id=68"},"modified":"2023-07-31T14:36:08","modified_gmt":"2023-07-31T14:36:08","slug":"la-reflexologie","status":"publish","type":"page","link":"https:\/\/www.harmonia-therapie.ch\/wpress\/la-reflexologie\/","title":{"rendered":"R\u00e9flexologie"},"content":{"rendered":"<div class=\"wp-block-image\">\n<figure class=\"aligncenter size-full is-resized\"><img loading=\"lazy\" decoding=\"async\" src=\"https:\/\/www.harmonia-therapie.ch\/wpress\/wp-content\/uploads\/2023\/07\/reflexologie_TITRE-1.gif\" alt=\"\" class=\"wp-image-251\" width=\"566\" height=\"39\"\/><\/figure><\/div>\n\n<h4>La r\u00e9flexologie est une pratique naturelle de sant\u00e9 visant \u00e0 la pr\u00e9vention et au renforcement immunitaire.<\/h4>\n<h4>Par leur riche innervation, les pieds sont, comme les mains et la face, des r\u00e9gions de grande sensibilit\u00e9 qui forment une zone r\u00e9flexe tr\u00e8s importante. Chaque partie du pied est en relation, par l\u2019interm\u00e9diaire du syst\u00e8me nerveux, avec les organes du corps, selon une topographie bien pr\u00e9cise. Le massage r\u00e9flexe consite \u00e0 stimuler les parties du corps qui on besoin d&rsquo;\u00eatre re\u00e9quilibr\u00e9es.<\/h4>","protected":false},"excerpt":{"rendered":"<p>La r\u00e9flexologie est une pratique naturelle de sant\u00e9 visant \u00e0 la pr\u00e9vention et au renforcement immunitaire. Par leur riche innervation, les pieds sont, comme les mains et la face, des r\u00e9gions de grande sensibilit\u00e9 qui forment une zone r\u00e9flexe tr\u00e8s <a class=\"more-link\" href=\"https:\/\/www.harmonia-therapie.ch\/wpress\/la-reflexologie\/\">Continuer la lecture <span class=\"screen-reader-text\">  R\u00e9flexologie<\/span><span class=\"meta-nav\">&rarr;<\/span><\/a><\/p>\n","protected":false},"author":1,"featured_media":0,"parent":0,"menu_order":0,"comment_status":"closed","ping_status":"closed","template":"page-fullwidth.php","meta":{"footnotes":""},"class_list":["post-68","page","type-page","status-publish","hentry"],"_links":{"self":[{"href":"https:\/\/www.harmonia-therapie.ch\/wpress\/wp-json\/wp\/v2\/pages\/68","targetHints":{"allow":["GET"]}}],"collection":[{"href":"https:\/\/www.harmonia-therapie.ch\/wpress\/wp-json\/wp\/v2\/pages"}],"about":[{"href":"https:\/\/www.harmonia-therapie.ch\/wpress\/wp-json\/wp\/v2\/types\/page"}],"author":[{"embeddable":true,"href":"https:\/\/www.harmonia-therapie.ch\/wpress\/wp-json\/wp\/v2\/users\/1"}],"replies":[{"embeddable":true,"href":"https:\/\/www.harmonia-therapie.ch\/wpress\/wp-json\/wp\/v2\/comments?post=68"}],"version-history":[{"count":10,"href":"https:\/\/www.harmonia-therapie.ch\/wpress\/wp-json\/wp\/v2\/pages\/68\/revisions"}],"predecessor-version":[{"id":266,"href":"https:\/\/www.harmonia-therapie.ch\/wpress\/wp-json\/wp\/v2\/pages\/68\/revisions\/266"}],"wp:attachment":[{"href":"https:\/\/www.harmonia-therapie.ch\/wpress\/wp-json\/wp\/v2\/media?parent=68"}],"curies":[{"name":"wp","href":"https:\/\/api.w.org\/{rel}","templated":true}]}}